{"id":59,"date":"2024-02-23T10:56:11","date_gmt":"2024-02-23T10:56:11","guid":{"rendered":"https:\/\/cmcriga.lv\/index.php\/sakums\/"},"modified":"2024-02-26T23:35:09","modified_gmt":"2024-02-26T23:35:09","slug":"main","status":"publish","type":"page","link":"https:\/\/cmcriga.lv\/lv\/","title":{"rendered":"Krist\u012bg\u0101 mision\u0101ru draudze R\u012bga, Latvija"},"content":{"rendered":"","protected":false},"excerpt":{"rendered":"","protected":false},"author":1,"featured_media":0,"parent":0,"menu_order":0,"comment_status":"closed","ping_status":"closed","template":"main.php","meta":{"inline_featured_image":false,"footnotes":""},"_links":{"self":[{"href":"https:\/\/cmcriga.lv\/lv\/wp-json\/wp\/v2\/pages\/59"}],"collection":[{"href":"https:\/\/cmcriga.lv\/lv\/wp-json\/wp\/v2\/pages"}],"about":[{"href":"https:\/\/cmcriga.lv\/lv\/wp-json\/wp\/v2\/types\/page"}],"author":[{"embeddable":true,"href":"https:\/\/cmcriga.lv\/lv\/wp-json\/wp\/v2\/users\/1"}],"replies":[{"embeddable":true,"href":"https:\/\/cmcriga.lv\/lv\/wp-json\/wp\/v2\/comments?post=59"}],"version-history":[{"count":4,"href":"https:\/\/cmcriga.lv\/lv\/wp-json\/wp\/v2\/pages\/59\/revisions"}],"predecessor-version":[{"id":127,"href":"https:\/\/cmcriga.lv\/lv\/wp-json\/wp\/v2\/pages\/59\/revisions\/127"}],"wp:attachment":[{"href":"https:\/\/cmcriga.lv\/lv\/wp-json\/wp\/v2\/media?parent=59"}],"curies":[{"name":"wp","href":"https:\/\/api.w.org\/{rel}","templated":true}]}}