{"id":162,"date":"2025-02-13T15:08:08","date_gmt":"2025-02-13T15:08:08","guid":{"rendered":"https:\/\/cmcriga.lv\/?page_id=162"},"modified":"2025-02-14T07:41:22","modified_gmt":"2025-02-14T07:41:22","slug":"donations","status":"publish","type":"page","link":"https:\/\/cmcriga.lv\/en\/donations\/","title":{"rendered":"Donations"},"content":{"rendered":"\n<p>In our Church, every donation is a sincere expression of faith, love, and gratitude. We believe that supporting our ministry should be a free and voluntary decision made by each individual, not an obligation tied to a specific percentage of one\u2019s income.<br><br>\nWe do not practice a mandatory tithe because we are convinced that true blessing comes through free and joyful giving. Here, there is no place for manipulation or pressure \u2014 your participation is based solely on your personal choice and inner desire to share in and bless the ministry of our church \u2014 our mission.<br><br>\nYou can contribute by donating traditionally to the church treasury or by transferring funds via online banking. Every donation is regarded as a valuable testament to your faith and support, and we are sincerely grateful for any donation.<br><br>\nThank you for becoming a part of our Church community, where mutual support and free participation form the foundation of all our ministry. Together, we continue to spread the light truth and love of Jesus Christ.<\/p>\n\n\n\n<p><br><br><strong>Details for donations:<\/strong><br>Eiropas Krist\u012bg\u0101 kou\u010du asoci\u0101cija<br>LT683500010003969601<br>EVIULT2VXXX<br>Paysera LT, UAB<br>Donation cmcriga<\/p>\n","protected":false},"excerpt":{"rendered":"<p>In our Church, every donation is a sincere expression of faith, love, and gratitude. We believe that supporting our ministry should be a free and voluntary decision made by each individual, not an obligation tied to a specific percentage of one\u2019s income. We do not practice a mandatory tithe because we are convinced that true [&hellip;]<\/p>\n","protected":false},"author":1,"featured_media":0,"parent":0,"menu_order":0,"comment_status":"closed","ping_status":"closed","template":"donate.php","meta":{"inline_featured_image":false,"footnotes":""},"_links":{"self":[{"href":"https:\/\/cmcriga.lv\/en\/wp-json\/wp\/v2\/pages\/162"}],"collection":[{"href":"https:\/\/cmcriga.lv\/en\/wp-json\/wp\/v2\/pages"}],"about":[{"href":"https:\/\/cmcriga.lv\/en\/wp-json\/wp\/v2\/types\/page"}],"author":[{"embeddable":true,"href":"https:\/\/cmcriga.lv\/en\/wp-json\/wp\/v2\/users\/1"}],"replies":[{"embeddable":true,"href":"https:\/\/cmcriga.lv\/en\/wp-json\/wp\/v2\/comments?post=162"}],"version-history":[{"count":3,"href":"https:\/\/cmcriga.lv\/en\/wp-json\/wp\/v2\/pages\/162\/revisions"}],"predecessor-version":[{"id":169,"href":"https:\/\/cmcriga.lv\/en\/wp-json\/wp\/v2\/pages\/162\/revisions\/169"}],"wp:attachment":[{"href":"https:\/\/cmcriga.lv\/en\/wp-json\/wp\/v2\/media?parent=162"}],"curies":[{"name":"wp","href":"https:\/\/api.w.org\/{rel}","templated":true}]}}